{"id":215,"date":"2024-01-08T18:06:24","date_gmt":"2024-01-08T21:06:24","guid":{"rendered":"https:\/\/luzdodireito.com.br\/?page_id=215"},"modified":"2024-01-08T18:31:04","modified_gmt":"2024-01-08T21:31:04","slug":"inicio","status":"publish","type":"page","link":"https:\/\/luzdodireito.com.br\/index.php\/home\/inicio\/","title":{"rendered":"In\u00edcio"},"content":{"rendered":"<p>O &#8216;Luz do Direito&#8217; \u00e9 idealizado pela advogada Emiliani Nascimento, especialista em direito m\u00e9dico e \u00e0 sa\u00fade. O objetivo primordial \u00e9 proporcionar aos leitores conte\u00fado jur\u00eddico confi\u00e1vel, abrangendo diversas \u00e1reas do direito.<\/p>\n<p>&nbsp;<\/p>\n<p><img loading=\"lazy\" decoding=\"async\" class=\"alignnone size-medium wp-image-187\" src=\"https:\/\/luzdodireito.com.br\/wp-content\/uploads\/2023\/12\/IMG_20221215_134256_403-300x300.jpg\" alt=\"\" width=\"300\" height=\"300\" srcset=\"https:\/\/luzdodireito.com.br\/wp-content\/uploads\/2023\/12\/IMG_20221215_134256_403-300x300.jpg 300w, https:\/\/luzdodireito.com.br\/wp-content\/uploads\/2023\/12\/IMG_20221215_134256_403-1024x1024.jpg 1024w, https:\/\/luzdodireito.com.br\/wp-content\/uploads\/2023\/12\/IMG_20221215_134256_403-150x150.jpg 150w, https:\/\/luzdodireito.com.br\/wp-content\/uploads\/2023\/12\/IMG_20221215_134256_403-768x768.jpg 768w, https:\/\/luzdodireito.com.br\/wp-content\/uploads\/2023\/12\/IMG_20221215_134256_403.jpg 1533w\" sizes=\"(max-width: 300px) 100vw, 300px\" \/><\/p>\n","protected":false},"excerpt":{"rendered":"<p>O &#8216;Luz do Direito&#8217; \u00e9 idealizado pela advogada Emiliani Nascimento, especialista em direito m\u00e9dico e \u00e0 sa\u00fade. O objetivo primordial \u00e9 proporcionar aos leitores conte\u00fado jur\u00eddico confi\u00e1vel, abrangendo diversas \u00e1reas do direito. &nbsp;<\/p>\n","protected":false},"author":1,"featured_media":187,"parent":51,"menu_order":0,"comment_status":"closed","ping_status":"closed","template":"","meta":{"footnotes":""},"yoast_head":"<!-- This site is optimized with the Yoast SEO plugin v21.7 - https:\/\/yoast.com\/wordpress\/plugins\/seo\/ -->\n<title>In\u00edcio - Luz do Direito<\/title>\n<meta name=\"robots\" content=\"index, follow, max-snippet:-1, max-image-preview:large, max-video-preview:-1\" \/>\n<link rel=\"canonical\" href=\"https:\/\/luzdodireito.com.br\/index.php\/home\/inicio\/\" \/>\n<meta property=\"og:locale\" content=\"en_US\" \/>\n<meta property=\"og:type\" content=\"article\" \/>\n<meta property=\"og:title\" content=\"In\u00edcio - Luz do Direito\" \/>\n<meta property=\"og:description\" content=\"O &#8216;Luz do Direito&#8217; \u00e9 idealizado pela advogada Emiliani Nascimento, especialista em direito m\u00e9dico e \u00e0 sa\u00fade. O objetivo primordial \u00e9 proporcionar aos leitores conte\u00fado jur\u00eddico confi\u00e1vel, abrangendo diversas \u00e1reas do direito. &nbsp;\" \/>\n<meta property=\"og:url\" content=\"https:\/\/luzdodireito.com.br\/index.php\/home\/inicio\/\" \/>\n<meta property=\"og:site_name\" content=\"Luz do Direito\" \/>\n<meta property=\"article:modified_time\" content=\"2024-01-08T21:31:04+00:00\" \/>\n<meta property=\"og:image\" content=\"https:\/\/luzdodireito.com.br\/wp-content\/uploads\/2023\/12\/IMG_20221215_134256_403.jpg\" \/>\n\t<meta property=\"og:image:width\" content=\"1533\" \/>\n\t<meta property=\"og:image:height\" content=\"1533\" \/>\n\t<meta property=\"og:image:type\" content=\"image\/jpeg\" \/>\n<meta name=\"twitter:card\" content=\"summary_large_image\" \/>\n<meta name=\"twitter:label1\" content=\"Est. reading time\" \/>\n\t<meta name=\"twitter:data1\" content=\"1 minute\" \/>\n<script type=\"application\/ld+json\" class=\"yoast-schema-graph\">{\"@context\":\"https:\/\/schema.org\",\"@graph\":[{\"@type\":\"WebPage\",\"@id\":\"https:\/\/luzdodireito.com.br\/index.php\/home\/inicio\/\",\"url\":\"https:\/\/luzdodireito.com.br\/index.php\/home\/inicio\/\",\"name\":\"In\u00edcio - Luz do Direito\",\"isPartOf\":{\"@id\":\"https:\/\/luzdodireito.com.br\/#website\"},\"datePublished\":\"2024-01-08T21:06:24+00:00\",\"dateModified\":\"2024-01-08T21:31:04+00:00\",\"breadcrumb\":{\"@id\":\"https:\/\/luzdodireito.com.br\/index.php\/home\/inicio\/#breadcrumb\"},\"inLanguage\":\"en-US\",\"potentialAction\":[{\"@type\":\"ReadAction\",\"target\":[\"https:\/\/luzdodireito.com.br\/index.php\/home\/inicio\/\"]}]},{\"@type\":\"BreadcrumbList\",\"@id\":\"https:\/\/luzdodireito.com.br\/index.php\/home\/inicio\/#breadcrumb\",\"itemListElement\":[{\"@type\":\"ListItem\",\"position\":1,\"name\":\"In\u00edcio\",\"item\":\"https:\/\/luzdodireito.com.br\/\"},{\"@type\":\"ListItem\",\"position\":2,\"name\":\"Home\",\"item\":\"https:\/\/luzdodireito.com.br\/index.php\/home\/\"},{\"@type\":\"ListItem\",\"position\":3,\"name\":\"In\u00edcio\"}]},{\"@type\":\"WebSite\",\"@id\":\"https:\/\/luzdodireito.com.br\/#website\",\"url\":\"https:\/\/luzdodireito.com.br\/\",\"name\":\"Luz do Direito\",\"description\":\"Confian\u00e7a e precis\u00e3o \",\"publisher\":{\"@id\":\"https:\/\/luzdodireito.com.br\/#organization\"},\"potentialAction\":[{\"@type\":\"SearchAction\",\"target\":{\"@type\":\"EntryPoint\",\"urlTemplate\":\"https:\/\/luzdodireito.com.br\/?s={search_term_string}\"},\"query-input\":\"required name=search_term_string\"}],\"inLanguage\":\"en-US\"},{\"@type\":\"Organization\",\"@id\":\"https:\/\/luzdodireito.com.br\/#organization\",\"name\":\"Luz do Direito\",\"url\":\"https:\/\/luzdodireito.com.br\/\",\"logo\":{\"@type\":\"ImageObject\",\"inLanguage\":\"en-US\",\"@id\":\"https:\/\/luzdodireito.com.br\/#\/schema\/logo\/image\/\",\"url\":\"https:\/\/luzdodireito.com.br\/wp-content\/uploads\/2024\/01\/Sub-Logo-Emiliani.png\",\"contentUrl\":\"https:\/\/luzdodireito.com.br\/wp-content\/uploads\/2024\/01\/Sub-Logo-Emiliani.png\",\"width\":800,\"height\":800,\"caption\":\"Luz do Direito\"},\"image\":{\"@id\":\"https:\/\/luzdodireito.com.br\/#\/schema\/logo\/image\/\"}}]}<\/script>\n<!-- \/ Yoast SEO plugin. -->","yoast_head_json":{"title":"In\u00edcio - Luz do Direito","robots":{"index":"index","follow":"follow","max-snippet":"max-snippet:-1","max-image-preview":"max-image-preview:large","max-video-preview":"max-video-preview:-1"},"canonical":"https:\/\/luzdodireito.com.br\/index.php\/home\/inicio\/","og_locale":"en_US","og_type":"article","og_title":"In\u00edcio - Luz do Direito","og_description":"O &#8216;Luz do Direito&#8217; \u00e9 idealizado pela advogada Emiliani Nascimento, especialista em direito m\u00e9dico e \u00e0 sa\u00fade. O objetivo primordial \u00e9 proporcionar aos leitores conte\u00fado jur\u00eddico confi\u00e1vel, abrangendo diversas \u00e1reas do direito. &nbsp;","og_url":"https:\/\/luzdodireito.com.br\/index.php\/home\/inicio\/","og_site_name":"Luz do Direito","article_modified_time":"2024-01-08T21:31:04+00:00","og_image":[{"width":1533,"height":1533,"url":"https:\/\/luzdodireito.com.br\/wp-content\/uploads\/2023\/12\/IMG_20221215_134256_403.jpg","type":"image\/jpeg"}],"twitter_card":"summary_large_image","twitter_misc":{"Est. reading time":"1 minute"},"schema":{"@context":"https:\/\/schema.org","@graph":[{"@type":"WebPage","@id":"https:\/\/luzdodireito.com.br\/index.php\/home\/inicio\/","url":"https:\/\/luzdodireito.com.br\/index.php\/home\/inicio\/","name":"In\u00edcio - Luz do Direito","isPartOf":{"@id":"https:\/\/luzdodireito.com.br\/#website"},"datePublished":"2024-01-08T21:06:24+00:00","dateModified":"2024-01-08T21:31:04+00:00","breadcrumb":{"@id":"https:\/\/luzdodireito.com.br\/index.php\/home\/inicio\/#breadcrumb"},"inLanguage":"en-US","potentialAction":[{"@type":"ReadAction","target":["https:\/\/luzdodireito.com.br\/index.php\/home\/inicio\/"]}]},{"@type":"BreadcrumbList","@id":"https:\/\/luzdodireito.com.br\/index.php\/home\/inicio\/#breadcrumb","itemListElement":[{"@type":"ListItem","position":1,"name":"In\u00edcio","item":"https:\/\/luzdodireito.com.br\/"},{"@type":"ListItem","position":2,"name":"Home","item":"https:\/\/luzdodireito.com.br\/index.php\/home\/"},{"@type":"ListItem","position":3,"name":"In\u00edcio"}]},{"@type":"WebSite","@id":"https:\/\/luzdodireito.com.br\/#website","url":"https:\/\/luzdodireito.com.br\/","name":"Luz do Direito","description":"Confian\u00e7a e precis\u00e3o ","publisher":{"@id":"https:\/\/luzdodireito.com.br\/#organization"},"potentialAction":[{"@type":"SearchAction","target":{"@type":"EntryPoint","urlTemplate":"https:\/\/luzdodireito.com.br\/?s={search_term_string}"},"query-input":"required name=search_term_string"}],"inLanguage":"en-US"},{"@type":"Organization","@id":"https:\/\/luzdodireito.com.br\/#organization","name":"Luz do Direito","url":"https:\/\/luzdodireito.com.br\/","logo":{"@type":"ImageObject","inLanguage":"en-US","@id":"https:\/\/luzdodireito.com.br\/#\/schema\/logo\/image\/","url":"https:\/\/luzdodireito.com.br\/wp-content\/uploads\/2024\/01\/Sub-Logo-Emiliani.png","contentUrl":"https:\/\/luzdodireito.com.br\/wp-content\/uploads\/2024\/01\/Sub-Logo-Emiliani.png","width":800,"height":800,"caption":"Luz do Direito"},"image":{"@id":"https:\/\/luzdodireito.com.br\/#\/schema\/logo\/image\/"}}]}},"_links":{"self":[{"href":"https:\/\/luzdodireito.com.br\/index.php\/wp-json\/wp\/v2\/pages\/215"}],"collection":[{"href":"https:\/\/luzdodireito.com.br\/index.php\/wp-json\/wp\/v2\/pages"}],"about":[{"href":"https:\/\/luzdodireito.com.br\/index.php\/wp-json\/wp\/v2\/types\/page"}],"author":[{"embeddable":true,"href":"https:\/\/luzdodireito.com.br\/index.php\/wp-json\/wp\/v2\/users\/1"}],"replies":[{"embeddable":true,"href":"https:\/\/luzdodireito.com.br\/index.php\/wp-json\/wp\/v2\/comments?post=215"}],"version-history":[{"count":4,"href":"https:\/\/luzdodireito.com.br\/index.php\/wp-json\/wp\/v2\/pages\/215\/revisions"}],"predecessor-version":[{"id":220,"href":"https:\/\/luzdodireito.com.br\/index.php\/wp-json\/wp\/v2\/pages\/215\/revisions\/220"}],"up":[{"embeddable":true,"href":"https:\/\/luzdodireito.com.br\/index.php\/wp-json\/wp\/v2\/pages\/51"}],"wp:featuredmedia":[{"embeddable":true,"href":"https:\/\/luzdodireito.com.br\/index.php\/wp-json\/wp\/v2\/media\/187"}],"wp:attachment":[{"href":"https:\/\/luzdodireito.com.br\/index.php\/wp-json\/wp\/v2\/media?parent=215"}],"curies":[{"name":"wp","href":"https:\/\/api.w.org\/{rel}","templated":true}]}}